{"id":66,"date":"2011-07-13T17:25:36","date_gmt":"2011-07-13T17:25:36","guid":{"rendered":"http:\/\/www.jairoalfonso.net\/?page_id=66"},"modified":"2023-07-30T19:07:23","modified_gmt":"2023-07-30T19:07:23","slug":"bio-2","status":"publish","type":"page","link":"http:\/\/www.jairoalfonso.net\/?page_id=66","title":{"rendered":"BIO"},"content":{"rendered":"<p><strong>JAIRO ALFONSO&nbsp;<\/strong>( Havana, 1974)<\/p>\n<p>Lives and works in New York.<\/p>\n<p><b>Education<\/b><\/p>\n<p>1998. Higher Institute of Art , Cubanacan, Havana.<\/p>\n<p>1993. National School of Art , Cubanacan, Havana.<\/p>\n<p>1989. Escuela Vocacional de Arte, G\u00fcira de Melena, Havana.<\/p>\n<p><strong>Fellowships:<\/strong><\/p>\n<p>2019. The Fountainhead Artist Residency.<\/p>\n<p>2017. Pollock-Krasner Foundation Grant.<\/p>\n<div class=\"page\" title=\"Page 6\">\n<div class=\"layoutArea\">\n<div class=\"column\">\n<p>2015. Artist in Residence at Marble House Project. Vermont.<\/p>\n<p>2014. Artist in Residence at Guttenberg Arts. Fall Season, STAR Program. Bull Ferry Studios, NJ.<\/p>\n<\/div>\n<\/div>\n<\/div>\n<p>2008. Workshop: Muyehlekete.O pensador-The Thinker. Maputo, Mozambique.<\/p>\n<p>2007. Residencia Batiscafo, Havana.<\/p>\n<p><strong style=\"font-weight: bold;\">Solo Exhibitions:<\/strong><\/p>\n<p>2023.<\/p>\n<p><em>Jairo Alfonso: Objectscapes<\/em>. Visual Arts Center of New Jersey. New Jersey. USA<\/p>\n<p>2021.<\/p>\n<p><em>Jairo Alfonso: The Screenshots Series<\/em>. Shin Gallery. New York. USA.<\/p>\n<p><em>597<\/em>. Phoenix Institute of Contemporary Art (phiCA). Phoenix, Arizona. USA.<\/p>\n<p>2020.<\/p>\n<p><em>The Screenshots Series<\/em>. Coates and Scarry. London ,UK.<\/p>\n<p>2018.<\/p>\n<p><em>1350<\/em>.&nbsp; Galer\u00eda de Arte Artizar. Tenerife, Spain.<\/p>\n<p>2015.<\/p>\n<p><em>172<\/em>. Artflow Galer\u00eda. San Jos\u00e9, Costa Rica.<\/p>\n<p>2014.<\/p>\n<p><em>568<\/em>. Guttenberg Arts. New Jersey, USA.<\/p>\n<p>2013.<\/p>\n<p><em style=\"font-style: italic;\">Inventario<\/em>. Linie 31<em style=\"font-style: italic;\">.<\/em>&nbsp; Zeichnung &#8211; Drawing &#8211; Dessin &#8211; Disegno. Galerie Havana, Zurich.<\/p>\n<p>2009.<\/p>\n<p><em style=\"font-style: italic;\">Retorno<\/em>. Salle Z\u00e9ro. Alianza Francesa de Cuba. Havana.<\/p>\n<p>2007.<\/p>\n<p><em style=\"font-style: italic;\">Dolly In.<\/em>&nbsp;Galer\u00eda Servando, Havana.<\/p>\n<p>2006.<\/p>\n<p><em style=\"font-style: italic;\">Dolly Back<\/em>. Galer\u00eda 23 y 12. Havana.<\/p>\n<p>2005.<\/p>\n<p><em style=\"font-style: italic;\">Werke auf Papier und Leinwand<\/em>. Havana Galerie, Z\u00fcrich, Suiza.<\/p>\n<p>Caf\u00e9. XIV Feria Internacional del Libro. Fortaleza San Carlos de La Caba\u00f1a. Havana.<\/p>\n<p>2004.<\/p>\n<p><em style=\"font-style: italic;\">Instruments to relief the asfalt<\/em>. Havana Gallery, New Zealand.<\/p>\n<p>2002- 2003.<\/p>\n<p><em style=\"font-style: italic;\">La ilusi\u00f3n de los fragmentos<\/em>. Centro Provincial de Artes Pl\u00e1stica y Dise\u00f1o, Havana.<\/p>\n<p>2001.<\/p>\n<p><em style=\"font-style: italic;\">Instrumentos para aliviar el asfalto<\/em>. Centro de Desarrollo de las Artes Visuales (CDAV), Havana.<\/p>\n<p>2000.<\/p>\n<p><em style=\"font-style: italic;\">Instrumentaciones<\/em>. Centro de Arte Wifredo Lam, Havana.<\/p>\n<p>1999.<\/p>\n<p><em style=\"font-style: italic;\">Instrumento para una nueva comuni\u00f3n<\/em>&nbsp;(Performance). Jardines de la UNEAC, sponsored by Ludwig Foundation of Cuba, Havana.<\/p>\n<p><em style=\"font-style: italic;\">Instrumento a la memoria<\/em>. Galer\u00eda Luis de Soto. Facultad Artes y Letras, Universidad de La Habana. Havana.<\/p>\n<p>1996.<\/p>\n<p><em style=\"font-style: italic;\">El retorno<\/em>. Galer\u00eda Arte 7 and Galer\u00eda Juan David. Cine Yara, Havana.<\/p>\n<p>1993.<\/p>\n<p><em style=\"font-style: italic;\">Armon\u00eda cordial<\/em>. Galer\u00eda del Instituto Superior de Arte, Cubanac\u00e1n, Havana.<\/p>\n<p>1992.<\/p>\n<p><em style=\"font-style: italic;\">Homenaje a mi abuelo<\/em>. Casa de la Cultura Jos\u00e9 Mar\u00eda Heredia, Havana.<\/p>\n<p><strong>Selected Group Exhibitions:<\/strong><\/p>\n<p>2022.<\/p>\n<p><em>Im Laufe der Jahrhunderte<\/em>. Havana Galerie and Sammlung. Z\u00fcrich, Switzerland.<\/p>\n<p><em>The Annual Winter Group Show<\/em>. Galleri Christoffer Egelund. Copenhagen, Denmark.<\/p>\n<p>2021.<\/p>\n<p><em>TOP 10<\/em>. Artflow Galer\u00eda. San Jos\u00e9, Costa Rica<\/p>\n<p>2020.<\/p>\n<p><em>Shifting Streams. Twelve artists by the Hudson River<\/em>. Longwood Art Gallery. Hostos Center for the Art and Culture, New York.<\/p>\n<p>2019<\/p>\n<p><em>Useless: Machines for Dreaming, Thinking and Seeing.<\/em> The Bronx Museum of the Arts. New York.<\/p>\n<p>2018<\/p>\n<p><em>Kindred Spirits. Ten artists by the Hudson<\/em>. Coral Gables Museum, Coral Gables, USA.<\/p>\n<p style=\"font-weight: 400;\"><em>Summertime&#8217; 18 ( The annual group show 14th Edition).<\/em>&nbsp;Galleri Christoffer Egelund. Copenhagen. Denmark.<\/p>\n<p style=\"font-weight: 400;\"><em>All that you have is your soul<\/em>. Faction Art Projects. New York, USA.<\/p>\n<p>2017<\/p>\n<p style=\"font-weight: 400;\"><em>Origin and Circumstances<\/em>. The First Presbyterian Church, New York, USA.<\/p>\n<p style=\"font-weight: 400;\"><em>Trazos. Dibujos, Pintura, Video<\/em>. Allegro Gallery, Panama City, Panama.<\/p>\n<p>2016<\/p>\n<div class=\"page\" title=\"Page 1\">\n<div class=\"layoutArea\">\n<div class=\"column\">\n<p><em>Autopia: Road Trips from the Cold War to the Present<\/em>. Bakehouse Art Complex, Miami. USA.<\/p>\n<p><em>5th Bronx Latin American Art Biennial<\/em> .Bronx Art Space .New York, USA.<\/p>\n<p><em>Future Island: Contemporary Art from Cuba<\/em>, The Harts Gallery Connecticut, USA.<\/p>\n<p><em>An Island Apart: Cuban Artists in Exile<\/em>. Frank Museum of Art, Miller Gallery and Fisher Gallery, Otterbein University, Ohio, USA.<\/p>\n<\/div>\n<\/div>\n<\/div>\n<p>2015<\/p>\n<p><em>A sense of Place. Selections from the Jorge M. P\u00e9rez Collection<\/em>. Mana Wynwood Convention Center, Miami, Florida.<\/p>\n<p><em>Resilience. The Other Cuba<\/em>. Northrop King Building, 1500 Jackson St. NE, Minneapolis, Gallery Suite #332, USA.<\/p>\n<p><em>Aires de Cuba<\/em>. Galer\u00eda Estudio Artizar. Santa Cruz de Tenerife, Spain.<\/p>\n<p>2014<\/p>\n<p><em>Made Here<\/em>. Guttenberg Arts \/ Bull Ferry Studios. New Jersey, USA.<\/p>\n<p><em>FLOW. Economies of the Look and Creativity in Contemporary Art from the Caribbean<\/em>. IDB Cultural Center.Washington DC, USA.<\/p>\n<p><em>Cuban America: An Empire State of Mind<\/em>. Lehmann College Art Gallery. New York, USA.<\/p>\n<p><em>Habitar, Construir, Pensar: Perspectivas po\u00e9ticas y discursivas en el v\u00eddeo art contempor\u00e1neo cubano (1990-2010)<\/em>. Espacio de Creaci\u00f3n Contempor\u00e1nea (ECCO), C\u00e1diz, Spain.<\/p>\n<p>2013.<\/p>\n<p><em>Occupying, Building, Thinking. Poetic and discursive perspectives on Contemporary Cuban Video Art.<\/em>&nbsp;Contemporary Art Museum.&nbsp;Institute for Research in Art. University of South Florida, USA.<\/p>\n<p><em>Open Studio<\/em>. Estudio Beneficencia. Madrid. Spain.<\/p>\n<p><em>Politics: I don&#8217;t like it, but it likes me<\/em>. Laznia Center for Contemporary Art. Gdanks, Poland.<\/p>\n<p><em>Empapelados<\/em>. Galer\u00eda Estudio Artizar. Tenerife, Spain.<\/p>\n<p>2012.<\/p>\n<p><em>Habitar, construir, pensar. Perspectivas po\u00e9ticas y discursivas en el videoarte contempor\u00e1neo cubano.<\/em> Centro Cultural Espa\u00f1ol de Cooperaci\u00f3n Iberoamericana. Miami, USA.<\/p>\n<p><em>Open Studio Madrid<\/em>. Estudio Beneficencia, Madrid, Spain.<\/p>\n<p><em>Universal <\/em>video program. Sal\u00f3n Arteam\u00e9ricas. Feria Arteam\u00e9ricas. Miami, USA.<\/p>\n<p>Suced\u00e1neos de Fe. Convento de San Francisco de As\u00eds. Havana. Cuba.<\/p>\n<p>2011.<\/p>\n<p><em>Batiscafo\/ Proyecto Circo<\/em>. 8 Bienal do Mercosul. Ensaios de Geopo\u00e9tica. Porto Alegre, Brasil.<\/p>\n<p><em>The pleasure of getting lost<\/em>. Contemporary Cuban Art. Mennonite Heritage Centre Gallery, Winnipeg, Canada.<\/p>\n<p><em>Raz Habana: A luz continental<\/em>. Galerie Katapult, Basel, Switzerland.<\/p>\n<p><em>All\u00ed<\/em>. Arte Iberoamericano Contempor\u00e1neo. Colateral a ARCO 2011 .The Cool Pack, Madrid, Spain.<\/p>\n<p>2010.<\/p>\n<p><em>Primavera Cubana<\/em>. Galer\u00eda de Arte Contempor\u00e1nea Nuno Sacramento and Galer\u00eda de Arte y Centro de Mutualismo, Coimbra, Portugal.<\/p>\n<p><em>Del P\u00ed al P\u00e1<\/em>. Galer\u00eda Villla Manuela, La Habana.<\/p>\n<p><em>La atm\u00f3sfera (Sesi\u00f3n coreogr\u00e1fica).<\/em>V Festival de videodanza DVDanza Habana Movimiento y Ciudad, Las Carolinas, Havana.<\/p>\n<p><em>Feria Art Madrid<\/em>. Pabell\u00f3n de Cristal. Casa de Campo. Madrid. Spain.<\/p>\n<p>2009.<\/p>\n<p><em>Visual Art<\/em>. VIII Muestra audiovisual internacional El mes m\u00e1s corto. Palacio de la Isla. C\u00e1ceres. Spain.<\/p>\n<p><em>DUBAI 2015<\/em>. X Bienal de la Habana. Casa Sim\u00f3n Bolivar. Havana.<\/p>\n<p>2008.<\/p>\n<p><em>Tanda Corrida<\/em>. V Sal\u00f3n de Arte Cubano Contempor\u00e1neo. Centro de Desarrollo de las Artes Visuales. (CDAV), La Habana.<\/p>\n<p><em>Memories &amp; Parachutes<\/em>. Contemporary art from Cuba. Mennonite Heritage Centre Gallery, Winnipeg, Manitoba, Canada.<\/p>\n<p>2007.<\/p>\n<p><em>A trav\u00e9s del espejo: Arte Cubano Hoy<\/em>. Allegro Galer\u00eda, Ciudad Panam\u00e1, Panam\u00e1.<\/p>\n<p><em>Vostok<\/em>. Centro Provincial de Artes Pl\u00e1sticas y Dise\u00f1o, y Taller de Reparaciones Vostok, La Habana.<\/p>\n<p><em>Killing Time. An exhibition of Cuban artists from the 1980s to the present.<\/em> Exit Art, New York, USA.<\/p>\n<p><em>Travelling. Realidad &amp; Ficci\u00f3n<\/em>. Proyecto Circo, Cine Actualidades, Havana.<\/p>\n<p><em>Caminos<\/em>. Centro Cultural Pedro Tolosa. Villa del Prado. Madrid, Spain.<\/p>\n<p><em>Nexos<\/em>. Galer\u00eda Servando, Havana.<\/p>\n<p>2006.<\/p>\n<p><em>Feria de arte contempor\u00e1neo<\/em>. Arte Lisboa 2006. Lisboa, Portugal.<\/p>\n<p><em>Cuban Heat. A show of sensual Art from Cuba<\/em>. Cuban Artspace, Centre for Cuban Studies. New York, USA.<\/p>\n<p><em>Arte Cubano<\/em>. Galer\u00eda Artane, Estambul. Turqu\u00eda.<\/p>\n<p>2005.<\/p>\n<p><em>Foire d\u00b4Art Contemporain Montreux Art Gallery<\/em>. Centre des Congr\u00e8s et d\u00b4Expositions. Motreux. Suiza.<\/p>\n<p><em>Gesichter und Sichtweisen.<\/em> Forum des ThyseenKrupp Trade Centers, D\u0171sseldorf, Germany.<\/p>\n<p><em>Cuba, the next generation<\/em>. Cuban Artspace. Center for Cuban Studies. New York. USA.<\/p>\n<p>2004.<\/p>\n<p><em>Cuba from the inside. Looking out<\/em>. Elaine Jacob Gallery. Dwayne State University, Detroit, USA.<\/p>\n<p><em>Cuban Arts<\/em>. Wiseenschaftpark Gelsenkirchen, Genselkirchen, Germany.<\/p>\n<p><em>Obligada Contingencia<\/em>. Asamblea de Extremadura, Merida, Spain.<\/p>\n<p><em>Cuba Untitled<\/em>. Heidi Cho Gallery. Nueva York, USA.<\/p>\n<p><em>Una china en el zapato<\/em>. Sala de Exposiciones Santa In\u00e9s. Sevilla, Spain.<\/p>\n<p><em>Havana Inside- Out<\/em>. Jonathan Ferrara Gallery. New Orleans. USA.<\/p>\n<p><em>La magia de la trivialidad<\/em>. Havana Galerie. Z\u00fcrich, Switzerland.<\/p>\n<p>2003.<\/p>\n<p><em>Arte Cubano<\/em>. Havana Gallery. New Zealand. Australia.<\/p>\n<p><em>Bajo la sombra<\/em>. Octava Bienal de La Habana. Fundaci\u00f3n Havana Club. La Habana.<\/p>\n<p><em>Resonancia<\/em>. Octava Bienal de La Habana. Casa de Asia. La Habana.<\/p>\n<p><em>Trin\u00b4aria<\/em>. Octava Bienal de La Habana. Galer\u00eda Servando Cabrera. La Habana.<\/p>\n<p>Proyecto Circo. Octava Bienal de La Habana. Carpa del Circo Nacional, La Habana.<\/p>\n<p><em>Altermedia<\/em>. VI Coloquio Nacional de Artes Pl\u00e1sticas, Sal\u00f3n ACAA, Matanzas.<\/p>\n<p>2002.<\/p>\n<p><em>Otros Puentes<\/em> (algunos proyectos realizados por la Fundaci\u00f3n Ludwig de Cuba), Galer\u00eda Provincial de Arte Pedro Esquerr\u00e9, Matanzas.<\/p>\n<p><em>Muestra de videoarte<\/em>. Fundaci\u00f3n Ludwig de Cuba. La Habana. Muestra audiovisual &#8220;El almac\u00e9n de la imagen&#8221;. Camaguey.<\/p>\n<p>2001.<\/p>\n<p><em>Alegor\u00edas<\/em>. Havana Galerie, Z\u00fcrich, Suiza. Autorretratos de Fin de Siglo.<\/p>\n<p>Encuentro de grabado 2001. Centro de Desarrollo de las Artes Visuales, La Habana.<\/p>\n<p>Sal\u00f3n de la Ciudad 2001. Centro Provincial de Artes Pl\u00e1sticas y Dise\u00f1o, Havana.<\/p>\n<p><em>Extensiones<\/em>. Ateneo Cervantes. Centro Provincial de Artes Pl\u00e1sticas y Dise\u00f1o, Havana.<\/p>\n<p>2000.<\/p>\n<p><em>Fin de Siglo. La Conjunci\u00f3n de la Nada<\/em>. Centro de Desarrollo de las Artes Visuales, Havana.<\/p>\n<p><em>Obras recientes (cuatro artistas cubanos).<\/em> Galer\u00eda de la Consejal\u00eda de Cultura, Los Llanos de Aridane, La Palma, Islas Canarias, Spain.<\/p>\n<p><em>Una mano&#8230; y las dos?<\/em> Centro de Desarrollo de las Artes Visuales, La Habana.<\/p>\n<p><em>Interfases<\/em>. VII Bienal de La Habana. Centro Cultural Leonor P\u00e9rez, Havana.<\/p>\n<p>1999.<\/p>\n<p><em>Premio La Joven Estampa<\/em>. Galer\u00eda Haydee Santamar\u00eda, Casa de las Am\u00e9ricas, Havana.<\/p>\n<p>1998.<\/p>\n<p><em>Exposici\u00f3n de dibujo<\/em>. Havana Galerie, Z\u00fcrich, Switzerland.<\/p>\n<p><em>Esto no tiene nombre<\/em>. II Sal\u00f3n Arte Cubano Contempor\u00e1neo. Galer\u00eda ISA, Havana.<\/p>\n<p><em>Sin p\u00faas<\/em>. Centro Wifredo Lam, Havana.<\/p>\n<p><em>Construyendo puentes culturales\/Building cultural bridges<\/em>. Universidad de Cornell, Universidad William Paterson, Universidad Atl\u00e1ntica de la Florida, USA.<\/p>\n<p>1997.<\/p>\n<p><em>Antes de la lluvia<\/em>. VI Bienal de la Habana, ISA, Cubanac\u00e1n, Havana.<\/p>\n<p><em>Algoritmos III<\/em>. Galer\u00eda L, Vedado, Havana.<\/p>\n<p>1996.<\/p>\n<p><em>Espuelas Afiladas<\/em>. Feria D y Malec\u00f3n. Havana.<\/p>\n<p><em>Arte Cubano Actual<\/em>. Itinerante por Jornada de Cultura Cubana en China y Rusia.<\/p>\n<p><em>Algoritmos II<\/em>. Centro Wifredo Lam, Havana.<\/p>\n<p>1995.<\/p>\n<p><em>Las Puertas<\/em>. Palacio de las Convenciones, Havana.<\/p>\n<p><em>1er Sal\u00f3n de Arte Cubano Contempor\u00e1neo<\/em>. Museo Nacional, Palacio de Bellas Artes Centro de Desarrollo de Artes Visuales (CDAV), Havana.<\/p>\n<p>1994.<\/p>\n<p><em>No valen guayabas verdes<\/em>. V Bienal de La Habana, Havana.<\/p>\n<p><em>Acad\u00e9mica 94<\/em>. Centro de Desarrollo de las Artes Visuales, Havana.<\/p>\n<p><strong>Collections:&nbsp;<\/strong><\/p>\n<p>Permanent Collection Province de Hainaut. B\u00e9lgica.<\/p>\n<p>Museum of Latin American Art, Los Angeles, E.U.A.<\/p>\n<p>Havana Galerie, Z\u00fcrich, Suiza.<\/p>\n<p style=\"margin: .1pt 0in .1pt 0in;\">Perez Art Museum Miami, Miami, FL.<\/p>\n<p>Private collections in Canada, EEUU, New Zealand, Norway, Spain, Switzerland, Germany, Mozambique.<\/p>\n","protected":false},"excerpt":{"rendered":"<p class=\"excerpt\">JAIRO ALFONSO&nbsp;( Havana, 1974) Lives and works in New York. Education 1998. Higher Institute of Art , Cubanacan, Havana. 1993. National School of Art , Cubanacan, Havana. 1989. Escuela Vocacional de Arte, G\u00fcira de Melena, Havana. Fellowships: 2019. The Fountainhead Artist Residency. 2017. Pollock-Krasner Foundation Grant. 2015. Artist in Residence at Marble House Project. Vermont. 2014. Artist in Residence at&hellip;<\/p>\n<p class=\"more-link-p\"><a class=\"btn btn-default\" href=\"http:\/\/www.jairoalfonso.net\/?page_id=66\">Read more<\/a><\/p>\n","protected":false},"author":1,"featured_media":0,"parent":0,"menu_order":1,"comment_status":"closed","ping_status":"closed","template":"","meta":{"ngg_post_thumbnail":0,"footnotes":""},"_links":{"self":[{"href":"http:\/\/www.jairoalfonso.net\/index.php?rest_route=\/wp\/v2\/pages\/66"}],"collection":[{"href":"http:\/\/www.jairoalfonso.net\/index.php?rest_route=\/wp\/v2\/pages"}],"about":[{"href":"http:\/\/www.jairoalfonso.net\/index.php?rest_route=\/wp\/v2\/types\/page"}],"author":[{"embeddable":true,"href":"http:\/\/www.jairoalfonso.net\/index.php?rest_route=\/wp\/v2\/users\/1"}],"replies":[{"embeddable":true,"href":"http:\/\/www.jairoalfonso.net\/index.php?rest_route=%2Fwp%2Fv2%2Fcomments&post=66"}],"version-history":[{"count":69,"href":"http:\/\/www.jairoalfonso.net\/index.php?rest_route=\/wp\/v2\/pages\/66\/revisions"}],"predecessor-version":[{"id":864,"href":"http:\/\/www.jairoalfonso.net\/index.php?rest_route=\/wp\/v2\/pages\/66\/revisions\/864"}],"wp:attachment":[{"href":"http:\/\/www.jairoalfonso.net\/index.php?rest_route=%2Fwp%2Fv2%2Fmedia&parent=66"}],"curies":[{"name":"wp","href":"https:\/\/api.w.org\/{rel}","templated":true}]}}